{"id":113,"date":"2019-01-17T13:58:39","date_gmt":"2019-01-17T12:58:39","guid":{"rendered":"http:\/\/jsb-maffle.be\/?page_id=113"},"modified":"2025-07-22T07:53:13","modified_gmt":"2025-07-22T05:53:13","slug":"documents","status":"publish","type":"page","link":"https:\/\/jsb-maffle.be\/index.php\/documents\/","title":{"rendered":"Documents"},"content":{"rendered":"<p><a href=\"https:\/\/jsb-maffle.be\/wp-content\/uploads\/2025\/07\/Livret-2025-2026.pdf\" target=\"_blank\" rel=\"noopener\">Livret 2025-2026<\/a><\/p>\n<p><a href=\"https:\/\/jsb-maffle.be\/wp-content\/uploads\/2025\/07\/CM2425-new.pdf\" target=\"_blank\" rel=\"noopener noreferrer\">Certificat m\u00e9dical<\/a><\/p>\n<p><a href=\"http:\/\/jsb-maffle.be\/index.php\/que-faire-en-cas-daccident\/\">Que faire en cas d&rsquo;accident ?<\/a><\/p>\n<p><a href=\"https:\/\/jsb-maffle.be\/wp-content\/uploads\/2021\/09\/La-feuille-electronique-AWBB-Manuel-de-lutilisateur-v1.0.pdf\" target=\"_blank\" rel=\"noopener\">La-feuille-\u00e9lectronique-AWBB-Manuel-de-lutilisateur-v1.0<\/a><\/p>\n<p><\/p>\n<figure>\n<iframe title=\"Formation de la feuille de match \u00e9lectronique AWBB\" width=\"840\" height=\"473\" src=\"https:\/\/www.youtube.com\/embed\/h05TY7UBcN4?feature=oembed\" frameborder=\"0\" allow=\"accelerometer; autoplay; clipboard-write; encrypted-media; gyroscope; picture-in-picture; web-share\" allowfullscreen><\/iframe>\n<\/figure>\n<p><\/p>\n<p><\/p>\n<h3 class=\"wp-block-heading\">Module online \u201cTraining\u201d<\/h3>\n<p><\/p>\n<p><\/p>\n<p>Vous souhaitez tester ou vous entrainer \u00e0 la feuille de match \u00e9lectronique ?<\/p>\n<p><\/p>\n<p><\/p>\n<p>Connectez-vous \u00e0 l\u2019adresse :\u00a0<strong><a href=\"https:\/\/training.fdm.awbb.be\/\" target=\"_blank\" rel=\"noreferrer noopener\">training.fdm.awbb.be<\/a><\/strong><br \/>Login :\u00a0<strong>training<\/strong><br \/>Mot de passe :\u00a0<strong>training<\/strong><br \/>N\u00b0 de match :\u00a0<strong>training<\/strong><\/p>\n<p><\/p>\n<p><\/p>\n<p>Un exercice pratique est \u00e9galement disponible\u00a0<a href=\"http:\/\/www.awbb.be\/wp-content\/uploads\/2021\/09\/Exercice-pratique-Feuille-%C3%A9lectronique-Version-Training-1.pdf\" target=\"_blank\" rel=\"noreferrer noopener\">en cliquant ici<\/a>.<\/p>\n<p><\/p>","protected":false},"excerpt":{"rendered":"<p>Livret 2025-2026 Certificat m\u00e9dical Que faire en cas d&rsquo;accident ? La-feuille-\u00e9lectronique-AWBB-Manuel-de-lutilisateur-v1.0 Module online \u201cTraining\u201d Vous souhaitez tester ou vous entrainer \u00e0 la feuille de match \u00e9lectronique ? Connectez-vous \u00e0 l\u2019adresse &hellip; <a href=\"https:\/\/jsb-maffle.be\/index.php\/documents\/\" class=\"more-link\">Continuer la lecture<span class=\"screen-reader-text\"> de &laquo;&nbsp;Documents&nbsp;&raquo;<\/span><\/a><\/p>\n","protected":false},"author":1,"featured_media":0,"parent":0,"menu_order":0,"comment_status":"closed","ping_status":"closed","template":"","meta":{"footnotes":""},"class_list":["post-113","page","type-page","status-publish","hentry"],"_links":{"self":[{"href":"https:\/\/jsb-maffle.be\/index.php\/wp-json\/wp\/v2\/pages\/113","targetHints":{"allow":["GET"]}}],"collection":[{"href":"https:\/\/jsb-maffle.be\/index.php\/wp-json\/wp\/v2\/pages"}],"about":[{"href":"https:\/\/jsb-maffle.be\/index.php\/wp-json\/wp\/v2\/types\/page"}],"author":[{"embeddable":true,"href":"https:\/\/jsb-maffle.be\/index.php\/wp-json\/wp\/v2\/users\/1"}],"replies":[{"embeddable":true,"href":"https:\/\/jsb-maffle.be\/index.php\/wp-json\/wp\/v2\/comments?post=113"}],"version-history":[{"count":41,"href":"https:\/\/jsb-maffle.be\/index.php\/wp-json\/wp\/v2\/pages\/113\/revisions"}],"predecessor-version":[{"id":10381,"href":"https:\/\/jsb-maffle.be\/index.php\/wp-json\/wp\/v2\/pages\/113\/revisions\/10381"}],"wp:attachment":[{"href":"https:\/\/jsb-maffle.be\/index.php\/wp-json\/wp\/v2\/media?parent=113"}],"curies":[{"name":"wp","href":"https:\/\/api.w.org\/{rel}","templated":true}]}}