{"id":64,"date":"2019-01-16T16:54:47","date_gmt":"2019-01-16T15:54:47","guid":{"rendered":"http:\/\/jsb-maffle.be\/?page_id=64"},"modified":"2025-09-22T09:08:12","modified_gmt":"2025-09-22T07:08:12","slug":"contact","status":"publish","type":"page","link":"https:\/\/jsb-maffle.be\/index.php\/contact\/","title":{"rendered":"Personnes de contact"},"content":{"rendered":"\n<table id=\"tablepress-4\" class=\"tablepress tablepress-id-4 tbody-has-connected-cells\">\n<thead>\n<tr class=\"row-1\">\n\t<th class=\"column-1\">Nom<\/th><th class=\"column-2\">Fonction<\/th><th class=\"column-3\">Num\u00e9ro - Courriel<\/th>\n<\/tr>\n<\/thead>\n<tbody class=\"row-striping row-hover\">\n<tr class=\"row-2\">\n\t<td class=\"column-1\">Pool administratif<\/td><td colspan=\"2\" class=\"column-2\"><\/td>\n<\/tr>\n<tr class=\"row-3\">\n\t<td class=\"column-1\">Matthys Patrice<\/td><td class=\"column-2\">Pr\u00e9sident<\/td><td class=\"column-3\">GSM : 0478\/56 89 02 <br \/>\n@ : president@jsb-maffle.be<\/td>\n<\/tr>\n<tr class=\"row-4\">\n\t<td class=\"column-1\">Aubin Vandemoer<\/td><td class=\"column-2\">Secr\u00e9taire<\/td><td class=\"column-3\">GSM : 0497\/78 79 47<br \/>\n@ : secretaire@jsb-maffle.be<\/td>\n<\/tr>\n<tr class=\"row-5\">\n\t<td class=\"column-1\">Pascal Lecomte<\/td><td class=\"column-2\">Tr\u00e9sorier<\/td><td class=\"column-3\">@ : tresorier@jsb-maffle.be<\/td>\n<\/tr>\n<tr class=\"row-6\">\n\t<td class=\"column-1\">Maxence Bouralha<\/td><td class=\"column-2\">Responsable Sponsoring<\/td><td class=\"column-3\">@ : sponsoring@jsb-maffle.be<\/td>\n<\/tr>\n<tr class=\"row-7\">\n\t<td class=\"column-1\">Olivier Delplace<\/td><td class=\"column-2\">Webmaster<\/td><td class=\"column-3\">@ : webmaster@jsb-maffle.be<\/td>\n<\/tr>\n<tr class=\"row-8\">\n\t<td class=\"column-1\">Pool sportif<\/td><td colspan=\"2\" class=\"column-2\"><\/td>\n<\/tr>\n<tr class=\"row-9\">\n\t<td class=\"column-1\">Patrick Verdun<\/td><td class=\"column-2\">Coordinateur Maxi basket<\/td><td class=\"column-3\">@ : info@jsb-maffle.be<\/td>\n<\/tr>\n<tr class=\"row-10\">\n\t<td class=\"column-1\">Julien Matthys<\/td><td class=\"column-2\">Coordinateur Mini basket<\/td><td class=\"column-3\">@ : info@jsb-maffle.be<br \/>\nGSM : 0479\/90 05 13<\/td>\n<\/tr>\n<tr class=\"row-11\">\n\t<td class=\"column-1\">Patrice Matthys<\/td><td class=\"column-2\">Responsable calendrier<\/td><td class=\"column-3\"> : responsable-calendrier@jsb-maffle.be<br \/>\nGSM : 0478\/56 89 02<\/td>\n<\/tr>\n<tr class=\"row-12\">\n\t<td class=\"column-1\">St\u00e9phane Vandenbogaerde<br \/>\n<\/td><td class=\"column-2\">Responsable \u00e9quipements<br \/>\n&amp; mat\u00e9riel<\/td><td class=\"column-3\">GSM : 0478\/73 68 36<br \/>\n@ : equipement@jsb-maffle.be<\/td>\n<\/tr>\n<tr class=\"row-13\">\n\t<td class=\"column-1\">Rudy Vandenbogaerde<\/td><td class=\"column-2\">D\u00e9l\u00e9gu\u00e9 principal<\/td><td class=\"column-3\">GSM : 0495\/74 08 54<br \/>\n@ : delegue@jsb-maffle.be<\/td>\n<\/tr>\n<tr class=\"row-14\">\n\t<td class=\"column-1\">Charlyne Perveux &amp; Ulrich Grard<\/td><td class=\"column-2\">P\u00f4le Festif<\/td><td class=\"column-3\">event@jsb-maffle.be<\/td>\n<\/tr>\n<tr class=\"row-15\">\n\t<td class=\"column-1\">Renseignements g\u00e9n\u00e9raux<\/td><td class=\"column-2\"><\/td><td class=\"column-3\">@ : info@jsb-maffle.be<\/td>\n<\/tr>\n<\/tbody>\n<\/table>\n<!-- #tablepress-4 from cache -->\n\n\n\n<p class=\"has-text-align-center\">LeuzArena<br>Rue de Tournai 103<br>7900 Leuze-en-Hainaut<\/p>\n\n\n\n<iframe src=\"https:\/\/www.google.com\/maps\/embed?pb=!1m18!1m12!1m3!1d5065.151435134612!2d3.609196876775958!3d50.59783887674029!2m3!1f0!2f0!3f0!3m2!1i1024!2i768!4f13.1!3m3!1m2!1s0x47c2fd13e148e3b9%3A0x3981166eddaaea4e!2sLeuzArena!5e0!3m2!1sfr!2sbe!4v1758524684514!5m2!1sfr!2sbe\" width=\"600\" height=\"450\" style=\"border:0;\" allowfullscreen=\"\" loading=\"lazy\" referrerpolicy=\"no-referrer-when-downgrade\"><\/iframe>\n\n\n\n<p><\/p>\n","protected":false},"excerpt":{"rendered":"<p>LeuzArenaRue de Tournai 1037900 Leuze-en-Hainaut<\/p>\n","protected":false},"author":1,"featured_media":93,"parent":0,"menu_order":0,"comment_status":"closed","ping_status":"closed","template":"","meta":{"footnotes":""},"class_list":["post-64","page","type-page","status-publish","has-post-thumbnail","hentry"],"_links":{"self":[{"href":"https:\/\/jsb-maffle.be\/index.php\/wp-json\/wp\/v2\/pages\/64","targetHints":{"allow":["GET"]}}],"collection":[{"href":"https:\/\/jsb-maffle.be\/index.php\/wp-json\/wp\/v2\/pages"}],"about":[{"href":"https:\/\/jsb-maffle.be\/index.php\/wp-json\/wp\/v2\/types\/page"}],"author":[{"embeddable":true,"href":"https:\/\/jsb-maffle.be\/index.php\/wp-json\/wp\/v2\/users\/1"}],"replies":[{"embeddable":true,"href":"https:\/\/jsb-maffle.be\/index.php\/wp-json\/wp\/v2\/comments?post=64"}],"version-history":[{"count":20,"href":"https:\/\/jsb-maffle.be\/index.php\/wp-json\/wp\/v2\/pages\/64\/revisions"}],"predecessor-version":[{"id":10395,"href":"https:\/\/jsb-maffle.be\/index.php\/wp-json\/wp\/v2\/pages\/64\/revisions\/10395"}],"wp:featuredmedia":[{"embeddable":true,"href":"https:\/\/jsb-maffle.be\/index.php\/wp-json\/wp\/v2\/media\/93"}],"wp:attachment":[{"href":"https:\/\/jsb-maffle.be\/index.php\/wp-json\/wp\/v2\/media?parent=64"}],"curies":[{"name":"wp","href":"https:\/\/api.w.org\/{rel}","templated":true}]}}