{"id":784,"date":"2019-06-30T09:24:49","date_gmt":"2019-06-30T07:24:49","guid":{"rendered":"http:\/\/jsb-maffle.be\/?page_id=784"},"modified":"2021-06-22T16:00:04","modified_gmt":"2021-06-22T14:00:04","slug":"entrainement","status":"publish","type":"page","link":"https:\/\/jsb-maffle.be\/index.php\/entrainement\/","title":{"rendered":"Entrainement 2021-2022"},"content":{"rendered":"\n<figure class=\"wp-block-table\"><table><tbody><tr><td>Cat\u00e9gories<\/td><td>Horaires<\/td><td>Coaches<\/td><td>Date de reprise<\/td><\/tr><tr><td>Provinciale 1 <br>+ U18, U21<\/td><td>Mardi &amp; jeudi<br>21h00- 22h30<\/td><td>Patrick Verdun <br><\/td><td>Mardi 10\/08<\/td><\/tr><tr><td>Provinciale 3<br>+ U18, U21<\/td><td>Lundi  21h00 &#8211; 22h30<\/td><td>J\u00e9r\u00f4me Godin<\/td><td>Lundi 09\/08<br>  <\/td><\/tr><tr><td>V\u00e9t\u00e9rans<\/td><td>Dimanche 19h00<\/td><td>Alexander Pairon<\/td><td>Dimanche 05\/09<\/td><\/tr><\/tbody><\/table><\/figure>\n\n\n\n<p class=\"has-text-align-center\">Maxi Basket Jeunes<\/p>\n\n\n\n<figure class=\"wp-block-table\"><table><tbody><tr><td>U21 Provinciaux<br>(2001-2004)<\/td><td>Vendredi 17h30-19h<\/td><td>Julien Matthys<br>Manu Meunier Mardi 10\/08<\/td><td>Mardi 10\/08<\/td><\/tr><tr><td>U18 Provinciaux<br>(2005-2006)<\/td><td>Mercredi 16h30 \u2013 18h<br>Vendredi 17h30 \u2013 19h<\/td><td>Julien Matthys<\/td><td>Mardi 10\/08<\/td><\/tr><tr><td>U16 Provinciaux<br>(2006-2007)<\/td><td>Mardi &amp; Jeudi<br>16h30 &#8211; 18h00<\/td><td>Guillaume Delfante<br>&amp; Alex Gourdin<\/td><td>Mardi 10\/08<\/td><\/tr><tr><td>U16 awbb<br>(2006-2007)<\/td><td>Lundi &amp; Mercredi<br>19h30 \u2013 21h<\/td><td>J\u00e9r\u00e9mie Quensier<\/td><td>Lundi 09\/08<\/td><\/tr><tr><td>U14 Provinciaux<br>(2008-2009)<\/td><td>Mardi &amp; jeudi 19h30 \u2013 21h<\/td><td>Dennis Godin<\/td><td>Mardi 10\/08<\/td><\/tr><\/tbody><\/table><\/figure>\n\n\n\n<p class=\"has-text-align-center\">Mini Basket Jeunes<\/p>\n\n\n\n<figure class=\"wp-block-table\"><table><tbody><tr><td>Groupe U12<br>(2010-2011)<\/td><td>Mardi &amp; jeudi<br>18h \u2013 19h30<\/td><td>C\u00e9lia &amp; Manu<br>Meunier<\/td><td>Mardi<br> 17\/08<\/td><\/tr><tr><td>Groupe U10<br>(2012-2013)<\/td><td>Lundi &amp; mercredi<br>18h00 \u2013 19h30<\/td><td>Elodie Vanbokestal<br>&amp;<br>Didier Hoyas (Pa\u00ef)<\/td><td>Lundi<br> 16\/08<\/td><\/tr><tr><td>Groupe U8<br>(2014-2015)<\/td><td>Lundi 16h30 \u2013 18h<br>Mercredi 14h \u2013 15h30<\/td><td>Antoine Desuray<br>Orian Allard<\/td><td>Lundi<br>16\/08<\/td><\/tr><tr><td>Babies<br>Gr1 (3 &amp; 4 ans)<br>Gr2 (5 &amp; 6 ans)<\/td><td>Dimanche Gr 1  9h &#8211; 10h15<br>&amp; Gr 2 10h15 &#8211; 11h30<\/td><td>Didier Hoyas (Pa\u00ef)<\/td><td>Dimanche 05\/09<\/td><\/tr><\/tbody><\/table><\/figure>\n\n\n\n<p>Entra\u00eenements sp\u00e9cifiques : vendredi 16h30 \u2013 17h30. S\u00e9ances ouvertes \u00e0 tous.<br>Les U21 &amp; U18 seront invit\u00e9s \u00e0 participer aux entra\u00eenements P1 &amp;\/ou P3 tout au long de la saison.<\/p>\n","protected":false},"excerpt":{"rendered":"<p>Cat\u00e9gories Horaires Coaches Date de reprise Provinciale 1 + U18, U21 Mardi &amp; jeudi21h00- 22h30 Patrick Verdun Mardi 10\/08 Provinciale 3+ U18, U21 Lundi 21h00 &#8211; 22h30 J\u00e9r\u00f4me Godin Lundi &hellip; <a href=\"https:\/\/jsb-maffle.be\/index.php\/entrainement\/\" class=\"more-link\">Continuer la lecture<span class=\"screen-reader-text\"> de &laquo;&nbsp;Entrainement 2021-2022&nbsp;&raquo;<\/span><\/a><\/p>\n","protected":false},"author":1,"featured_media":0,"parent":0,"menu_order":0,"comment_status":"closed","ping_status":"closed","template":"","meta":{"footnotes":""},"class_list":["post-784","page","type-page","status-publish","hentry"],"_links":{"self":[{"href":"https:\/\/jsb-maffle.be\/index.php\/wp-json\/wp\/v2\/pages\/784","targetHints":{"allow":["GET"]}}],"collection":[{"href":"https:\/\/jsb-maffle.be\/index.php\/wp-json\/wp\/v2\/pages"}],"about":[{"href":"https:\/\/jsb-maffle.be\/index.php\/wp-json\/wp\/v2\/types\/page"}],"author":[{"embeddable":true,"href":"https:\/\/jsb-maffle.be\/index.php\/wp-json\/wp\/v2\/users\/1"}],"replies":[{"embeddable":true,"href":"https:\/\/jsb-maffle.be\/index.php\/wp-json\/wp\/v2\/comments?post=784"}],"version-history":[{"count":30,"href":"https:\/\/jsb-maffle.be\/index.php\/wp-json\/wp\/v2\/pages\/784\/revisions"}],"predecessor-version":[{"id":8275,"href":"https:\/\/jsb-maffle.be\/index.php\/wp-json\/wp\/v2\/pages\/784\/revisions\/8275"}],"wp:attachment":[{"href":"https:\/\/jsb-maffle.be\/index.php\/wp-json\/wp\/v2\/media?parent=784"}],"curies":[{"name":"wp","href":"https:\/\/api.w.org\/{rel}","templated":true}]}}