{"id":839,"date":"2019-06-30T18:27:13","date_gmt":"2019-06-30T16:27:13","guid":{"rendered":"http:\/\/jsb-maffle.be\/?page_id=839"},"modified":"2022-07-04T15:03:32","modified_gmt":"2022-07-04T13:03:32","slug":"que-faire-en-cas-daccident","status":"publish","type":"page","link":"https:\/\/jsb-maffle.be\/index.php\/que-faire-en-cas-daccident\/","title":{"rendered":"Que faire en cas d&rsquo;accident ?"},"content":{"rendered":"\n<p>Depuis le 1er juillet 2018, c\u2019est de nouveau Ethias qui assure les membres de l\u2019AWBB.<\/p>\n\n\n\n<p>Les conditions g\u00e9n\u00e9rales et sp\u00e9ciales sont consultables en suivant le lien: <a href=\"http:\/\/www.awbb.be\/assurances\/\" target=\"_blank\" rel=\"noreferrer noopener\" aria-label=\"http:\/\/www.awbb.be\/assurances\/ (s\u2019ouvre dans un nouvel onglet)\">http:\/\/www.awbb.be\/assurances\/<\/a><\/p>\n\n\n\n<p>Nous vous recommandons d\u2019en prendre connaissance.<\/p>\n\n\n\n<p>Des documents de d\u00e9claration d\u2019accident seront mis \u00e0 votre disposition et \u00e0 celle des coachs dans nos locaux.<\/p>\n\n\n\n<p>Ils sont \u00e9galement t\u00e9l\u00e9chargeables sur le site de l\u2019AWBB:<\/p>\n\n\n\n<pre class=\"wp-block-preformatted\"><a href=\"http:\/\/www.awbb.be\/wp-content\/uploads\/2018\/07\/D%C3%A9claration-daccident.pdf\" target=\"_blank\" rel=\"noopener noreferrer\">http:\/\/www.awbb.be\/formulaires-pour-les-clubs\/<\/a><\/pre>\n\n\n\n<p>Ethias demande que les d\u00e9clarations lui parviennent <strong>dans un d\u00e9lai de huit jours.<\/strong><\/p>\n\n\n\n<p>Veuillez donc les transmettre le plus rapidement possible au secr\u00e9tariat: <br><strong>par e-mail de pr\u00e9f\u00e9rence<\/strong>, par courrier postal ou en la remettant en mains propres \u00e0 un membre du comit\u00e9. Tout document simplement d\u00e9pos\u00e9 dans un bac \u00e0 courrier vous fait courir le risque de d\u00e9passer le d\u00e9lai imparti.<\/p>\n\n\n\n<p>Nous vous souhaitons d\u00e8s \u00e0 pr\u00e9sent une saison sans p\u00e9pins.&nbsp; <\/p>\n\n\n\n<p class=\"has-text-align-center\">    Secr\u00e9tariat: Aubin Vandemoer<br>29 Place 7810 Maffle    <br> @ : secretaire@jsb-maffle.be <br>  Gsm : 0497\/78 79 47  <\/p>\n\n\n\n<p class=\"has-text-align-right\">      <\/p>\n\n\n\n<p class=\"has-text-align-right\">      <\/p>\n\n\n\n<p class=\"has-text-align-right\">      <\/p>\n\n\n\n<p class=\"has-text-align-right\">     <\/p>\n","protected":false},"excerpt":{"rendered":"<p>Depuis le 1er juillet 2018, c\u2019est de nouveau Ethias qui assure les membres de l\u2019AWBB. Les conditions g\u00e9n\u00e9rales et sp\u00e9ciales sont consultables en suivant le lien: http:\/\/www.awbb.be\/assurances\/ Nous vous recommandons &hellip; <a href=\"https:\/\/jsb-maffle.be\/index.php\/que-faire-en-cas-daccident\/\" class=\"more-link\">Continuer la lecture<span class=\"screen-reader-text\"> de &laquo;&nbsp;Que faire en cas d&rsquo;accident ?&nbsp;&raquo;<\/span><\/a><\/p>\n","protected":false},"author":1,"featured_media":0,"parent":0,"menu_order":0,"comment_status":"closed","ping_status":"closed","template":"","meta":{"footnotes":""},"class_list":["post-839","page","type-page","status-publish","hentry"],"_links":{"self":[{"href":"https:\/\/jsb-maffle.be\/index.php\/wp-json\/wp\/v2\/pages\/839","targetHints":{"allow":["GET"]}}],"collection":[{"href":"https:\/\/jsb-maffle.be\/index.php\/wp-json\/wp\/v2\/pages"}],"about":[{"href":"https:\/\/jsb-maffle.be\/index.php\/wp-json\/wp\/v2\/types\/page"}],"author":[{"embeddable":true,"href":"https:\/\/jsb-maffle.be\/index.php\/wp-json\/wp\/v2\/users\/1"}],"replies":[{"embeddable":true,"href":"https:\/\/jsb-maffle.be\/index.php\/wp-json\/wp\/v2\/comments?post=839"}],"version-history":[{"count":8,"href":"https:\/\/jsb-maffle.be\/index.php\/wp-json\/wp\/v2\/pages\/839\/revisions"}],"predecessor-version":[{"id":9140,"href":"https:\/\/jsb-maffle.be\/index.php\/wp-json\/wp\/v2\/pages\/839\/revisions\/9140"}],"wp:attachment":[{"href":"https:\/\/jsb-maffle.be\/index.php\/wp-json\/wp\/v2\/media?parent=839"}],"curies":[{"name":"wp","href":"https:\/\/api.w.org\/{rel}","templated":true}]}}